{"id":60,"date":"2012-12-04T22:01:42","date_gmt":"2012-12-04T22:01:42","guid":{"rendered":"http:\/\/www.raamat.fotosulg.com\/?page_id=60"},"modified":"2017-11-28T12:54:44","modified_gmt":"2017-11-28T12:54:44","slug":"kirjastus-fotosulg","status":"publish","type":"page","link":"https:\/\/www.raamat.fotosulg.com\/?page_id=60","title":{"rendered":"Kirjastus Fotosulg"},"content":{"rendered":"<p><a href=\"http:\/\/www.raamat.fotosulg.com\/wp-content\/uploads\/2012\/12\/logo-fotosulg.jpg\"><img decoding=\"async\" loading=\"lazy\" class=\"alignnone wp-image-156 size-medium\" title=\"logo fotosulg\" src=\"http:\/\/www.raamat.fotosulg.com\/wp-content\/uploads\/2012\/12\/logo-fotosulg-300x159.jpg\" alt=\"\" width=\"300\" height=\"159\" srcset=\"https:\/\/www.raamat.fotosulg.com\/wp-content\/uploads\/2012\/12\/logo-fotosulg-300x159.jpg 300w, https:\/\/www.raamat.fotosulg.com\/wp-content\/uploads\/2012\/12\/logo-fotosulg-500x265.jpg 500w, https:\/\/www.raamat.fotosulg.com\/wp-content\/uploads\/2012\/12\/logo-fotosulg.jpg 800w\" sizes=\"(max-width: 300px) 100vw, 300px\" \/><\/a><\/p>\n<p>Fotosulg O\u00dc<\/p>\n<p>Registrikood 11928892<\/p>\n<p>Swedbank a\/a 221049502681.<\/p>\n<p>Rait Avestk:\u00a0<a href=\"mailto:rait@fotosulg.com\">rait@fotosulg.com<\/a> 55 11 559<\/p>\n<p>Triinu Heinvars: <a href=\"mailto:triinu@fotosulg.com\">triinu@fotosulg.com<\/a> 52 89 766<\/p>\n<p>Tallinn, Mulla 6-7, 10611<\/p>\n<p><strong>2017. aasta\u00a0detsembris\u00a0ilmus\u00a0kirjastuselt Fotosulg <span style=\"color: #993300;\"><span style=\"color: #000000;\">monograafia\u00a0n\u00e4itleja Aarne\u00a0\u00dcksk\u00fclast. <\/span><\/span><\/strong><strong>Autor Rait Avestik, kujundaja Piia Ruber, keeletoimetaja Katrin J\u00e4nese, toimetaja Annemari Parmakson. <\/strong><strong>Raamat tr\u00fckiti Tallinna Raamatutr\u00fckikojas.\u00a0K\u00f5vakaaneline, lehek\u00fclgi 768, fotosid 200. Raamatu tr\u00fckikulud kandis Eesti kultuurkapital. <\/strong><\/p>\n<p><a href=\"http:\/\/www.raamat.fotosulg.com\/wp-content\/uploads\/2017\/11\/ykskyla-esikaas.jpg\"><img decoding=\"async\" loading=\"lazy\" class=\"alignnone wp-image-291 size-medium\" src=\"http:\/\/www.raamat.fotosulg.com\/wp-content\/uploads\/2017\/11\/ykskyla-esikaas-200x300.jpg\" alt=\"\" width=\"200\" height=\"300\" srcset=\"https:\/\/www.raamat.fotosulg.com\/wp-content\/uploads\/2017\/11\/ykskyla-esikaas-200x300.jpg 200w, https:\/\/www.raamat.fotosulg.com\/wp-content\/uploads\/2017\/11\/ykskyla-esikaas.jpg 525w\" sizes=\"(max-width: 200px) 100vw, 200px\" \/><\/a><\/p>\n<p>&nbsp;<\/p>\n<p>&nbsp;<\/p>\n","protected":false},"excerpt":{"rendered":"<p>Fotosulg O\u00dc Registrikood 11928892 Swedbank a\/a 221049502681. Rait Avestk:\u00a0rait@fotosulg.com 55 11 559 Triinu Heinvars: triinu@fotosulg.com 52 89 766 Tallinn, Mulla 6-7, 10611 2017. aasta\u00a0detsembris\u00a0ilmus\u00a0kirjastuselt Fotosulg monograafia\u00a0n\u00e4itleja Aarne\u00a0\u00dcksk\u00fclast. Autor Rait Avestik, kujundaja Piia Ruber, keeletoimetaja Katrin J\u00e4nese, toimetaja Annemari Parmakson. Raamat &hellip; <a href=\"https:\/\/www.raamat.fotosulg.com\/?page_id=60\">J\u00e4tka lugemist <span class=\"meta-nav\">&rarr;<\/span><\/a><\/p>\n","protected":false},"author":1,"featured_media":0,"parent":0,"menu_order":0,"comment_status":"open","ping_status":"open","template":"","meta":{"footnotes":""},"_links":{"self":[{"href":"https:\/\/www.raamat.fotosulg.com\/index.php?rest_route=\/wp\/v2\/pages\/60"}],"collection":[{"href":"https:\/\/www.raamat.fotosulg.com\/index.php?rest_route=\/wp\/v2\/pages"}],"about":[{"href":"https:\/\/www.raamat.fotosulg.com\/index.php?rest_route=\/wp\/v2\/types\/page"}],"author":[{"embeddable":true,"href":"https:\/\/www.raamat.fotosulg.com\/index.php?rest_route=\/wp\/v2\/users\/1"}],"replies":[{"embeddable":true,"href":"https:\/\/www.raamat.fotosulg.com\/index.php?rest_route=%2Fwp%2Fv2%2Fcomments&post=60"}],"version-history":[{"count":21,"href":"https:\/\/www.raamat.fotosulg.com\/index.php?rest_route=\/wp\/v2\/pages\/60\/revisions"}],"predecessor-version":[{"id":295,"href":"https:\/\/www.raamat.fotosulg.com\/index.php?rest_route=\/wp\/v2\/pages\/60\/revisions\/295"}],"wp:attachment":[{"href":"https:\/\/www.raamat.fotosulg.com\/index.php?rest_route=%2Fwp%2Fv2%2Fmedia&parent=60"}],"curies":[{"name":"wp","href":"https:\/\/api.w.org\/{rel}","templated":true}]}}